{"id":169,"date":"2023-01-20T14:30:32","date_gmt":"2023-01-20T17:30:32","guid":{"rendered":"https:\/\/www.campinglaselvanegra.ar\/nueva\/?page_id=7"},"modified":"2023-01-25T17:45:28","modified_gmt":"2023-01-25T20:45:28","slug":"inicio","status":"publish","type":"page","link":"https:\/\/campingselvanegra.ar\/?page_id=169&lang=de","title":{"rendered":"Home"},"content":{"rendered":"<p>[vc_row type=\u00bbvc_default\u00bb full_width=\u00bbstretch_row_content_no_spaces\u00bb][vc_column][layerslider_vc id=\u00bb1&#8243;][\/vc_column][\/vc_row][vc_row type=\u00bbvc_default\u00bb css=\u00bb.vc_custom_1674242175895{margin-top: 50px !important;}\u00bb][vc_column width=\u00bb1\/6&#8243;][\/vc_column][vc_column width=\u00bb2\/3&#8243;]<div id=\"ultimate-heading-618969fb336d106d8\" class=\"uvc-heading ult-adjust-bottom-margin ultimate-heading-618969fb336d106d8 uvc-6489 \" data-hspacer=\"line_only\"  data-halign=\"center\" style=\"text-align:center\"><div class=\"uvc-main-heading ult-responsive\"  data-ultimate-target='.uvc-heading.ultimate-heading-618969fb336d106d8 h2'  data-responsive-json-new='{\"font-size\":\"desktop:30px;\",\"line-height\":\"\"}' ><h2 style=\"--font-weight:theme;color:#63634d;\">EL CAMPING MAS CERCANO A BARILOCHE<\/h2><\/div><div class=\"uvc-heading-spacer line_only\" style=\"margin-top:20px;margin-bottom:20px;height:3px;\"><span class=\"uvc-headings-line\" style=\"border-style:solid;border-bottom-width:3px;border-color:#be7e50;width:50px;\"><\/span><\/div><div class=\"uvc-sub-heading ult-responsive\"  data-ultimate-target='.uvc-heading.ultimate-heading-618969fb336d106d8 .uvc-sub-heading '  data-responsive-json-new='{\"font-size\":\"desktop:16px;\",\"line-height\":\"\"}'  style=\"font-weight:normal;\">A s\u00f3lo 3km del Centro C\u00edvico. Es un lugar \u00fanico, con vistas al lago y un bosque de cipreses, pinos y otras variedades aut\u00f3ctonas. es un emprendimiento familiar con m\u00e1s de 50 a\u00f1os de experiencia, atendido por sus propios due\u00f1os y personal con una larga trayectoria en turismo.<\/div><\/div>[\/vc_column][vc_column width=\u00bb1\/6&#8243;][\/vc_column][\/vc_row][vc_row type=\u00bbvc_default\u00bb gap=\u00bb30&#8243; equal_height=\u00bbyes\u00bb css=\u00bb.vc_custom_1674240986557{margin-top: 60px !important;}\u00bb][vc_column width=\u00bb1\/3&#8243;]<style type=\"text\/css\" data-type=\"the7_shortcodes-inline-css\">.shortcode-single-image-wrap.shortcode-single-image-71bb054e6124144260d56ce5dec7ebe3.enable-bg-rollover .rollover i,\n.shortcode-single-image-wrap.shortcode-single-image-71bb054e6124144260d56ce5dec7ebe3.enable-bg-rollover .rollover-video i {\n  background: -webkit-linear-gradient();\n  background: linear-gradient();\n}\n.shortcode-single-image-wrap.shortcode-single-image-71bb054e6124144260d56ce5dec7ebe3 .rollover-icon {\n  font-size: 50px;\n  color: #ffffff;\n  min-width: 44px;\n  min-height: 44px;\n  line-height: 44px;\n  border-radius: 100px;\n  border-style: solid;\n  border-width: 0px;\n}\n.dt-icon-bg-on.shortcode-single-image-wrap.shortcode-single-image-71bb054e6124144260d56ce5dec7ebe3 .rollover-icon {\n  background: rgba(255,255,255,0.3);\n  box-shadow: none;\n}\n<\/style><div class=\"shortcode-single-image-wrap shortcode-single-image-71bb054e6124144260d56ce5dec7ebe3 alignnone  enable-bg-rollover dt-icon-bg-off scale-img\" style=\"margin-top:0px; margin-bottom:0px; margin-left:0px; margin-right:0px;\"><div class=\"shortcode-single-image\"><div class=\"fancy-media-wrap\" style=\"\"><a href=\"https:\/\/www.campinglaselvanegra.ar\/nueva\/nuestra-historia\/\" class=\" layzr-bg rollover\" style=\"\" aria-label=\"Image\"><img loading=\"lazy\" decoding=\"async\" class=\"preload-me lazy-load\" src=\"data:image\/svg+xml,%3Csvg%20xmlns%3D&#39;http%3A%2F%2Fwww.w3.org%2F2000%2Fsvg&#39;%20viewBox%3D&#39;0%200%20482%20418&#39;%2F%3E\" data-src=\"https:\/\/campingselvanegra.ar\/wp-content\/uploads\/2023\/01\/dest_historia.jpg\" data-srcset=\"https:\/\/campingselvanegra.ar\/wp-content\/uploads\/2023\/01\/dest_historia.jpg 482w\" width=\"482\" height=\"418\"  data-dt-location=\"https:\/\/campingselvanegra.ar\/?attachment_id=60\" alt=\"\" \/><span class=\"rollover-icon icomoon-the7-font-the7-plus-04\"><\/span><\/a><\/div><\/div><\/div><div class=\"ult-spacer spacer-69fb336d13f2a\" data-id=\"69fb336d13f2a\" data-height=\"30\" data-height-mobile=\"30\" data-height-tab=\"30\" data-height-tab-portrait=\"\" data-height-mobile-landscape=\"\" style=\"clear:both;display:block;\"><\/div><div id=\"ultimate-heading-244869fb336d13f96\" class=\"uvc-heading ult-adjust-bottom-margin ultimate-heading-244869fb336d13f96 uvc-8300 \" data-hspacer=\"no_spacer\"  data-halign=\"center\" style=\"text-align:center\"><div class=\"uvc-heading-spacer no_spacer\" style=\"top\"><\/div><div class=\"uvc-main-heading ult-responsive\"  data-ultimate-target='.uvc-heading.ultimate-heading-244869fb336d13f96 h2'  data-responsive-json-new='{\"font-size\":\"desktop:20px;\",\"line-height\":\"\"}' ><h2 style=\"--font-weight:theme;color:#be7e50;\">NUESTRA HISTORIA<\/h2><\/div><div class=\"uvc-sub-heading ult-responsive\"  data-ultimate-target='.uvc-heading.ultimate-heading-244869fb336d13f96 .uvc-sub-heading '  data-responsive-json-new='{\"font-size\":\"desktop:16px;\",\"line-height\":\"\"}'  style=\"font-weight:normal;\">M\u00e1s de 50 a\u00f1os de experiencia, atendido por sus propios due\u00f1os.<\/div><\/div>[\/vc_column][vc_column width=\u00bb1\/3&#8243;]<style type=\"text\/css\" data-type=\"the7_shortcodes-inline-css\">.shortcode-single-image-wrap.shortcode-single-image-0225fc68f5d3b153a957b41ff730d867.enable-bg-rollover .rollover i,\n.shortcode-single-image-wrap.shortcode-single-image-0225fc68f5d3b153a957b41ff730d867.enable-bg-rollover .rollover-video i {\n  background: -webkit-linear-gradient();\n  background: linear-gradient();\n}\n.shortcode-single-image-wrap.shortcode-single-image-0225fc68f5d3b153a957b41ff730d867 .rollover-icon {\n  font-size: 50px;\n  color: #ffffff;\n  min-width: 44px;\n  min-height: 44px;\n  line-height: 44px;\n  border-radius: 100px;\n  border-style: solid;\n  border-width: 0px;\n}\n.dt-icon-bg-on.shortcode-single-image-wrap.shortcode-single-image-0225fc68f5d3b153a957b41ff730d867 .rollover-icon {\n  background: rgba(255,255,255,0.3);\n  box-shadow: none;\n}\n<\/style><div class=\"shortcode-single-image-wrap shortcode-single-image-0225fc68f5d3b153a957b41ff730d867 alignnone  enable-bg-rollover dt-icon-bg-off scale-img\" style=\"margin-top:0px; margin-bottom:0px; margin-left:0px; margin-right:0px;\"><div class=\"shortcode-single-image\"><div class=\"fancy-media-wrap\" style=\"\"><a href=\"https:\/\/www.campinglaselvanegra.ar\/nueva\/servicios\/\" class=\" layzr-bg rollover\" style=\"\" aria-label=\"Image\"><img loading=\"lazy\" decoding=\"async\" class=\"preload-me lazy-load\" src=\"data:image\/svg+xml,%3Csvg%20xmlns%3D&#39;http%3A%2F%2Fwww.w3.org%2F2000%2Fsvg&#39;%20viewBox%3D&#39;0%200%20480%20418&#39;%2F%3E\" data-src=\"https:\/\/campingselvanegra.ar\/wp-content\/uploads\/2023\/01\/dest_servicios.jpg\" data-srcset=\"https:\/\/campingselvanegra.ar\/wp-content\/uploads\/2023\/01\/dest_servicios.jpg 480w\" width=\"480\" height=\"418\"  data-dt-location=\"https:\/\/campingselvanegra.ar\/?attachment_id=64\" alt=\"\" \/><span class=\"rollover-icon icomoon-the7-font-the7-plus-04\"><\/span><\/a><\/div><\/div><\/div><div class=\"ult-spacer spacer-69fb336d1730d\" data-id=\"69fb336d1730d\" data-height=\"30\" data-height-mobile=\"30\" data-height-tab=\"30\" data-height-tab-portrait=\"\" data-height-mobile-landscape=\"\" style=\"clear:both;display:block;\"><\/div><div id=\"ultimate-heading-615869fb336d173b7\" class=\"uvc-heading ult-adjust-bottom-margin ultimate-heading-615869fb336d173b7 uvc-1762 \" data-hspacer=\"no_spacer\"  data-halign=\"center\" style=\"text-align:center\"><div class=\"uvc-heading-spacer no_spacer\" style=\"top\"><\/div><div class=\"uvc-main-heading ult-responsive\"  data-ultimate-target='.uvc-heading.ultimate-heading-615869fb336d173b7 h2'  data-responsive-json-new='{\"font-size\":\"desktop:20px;\",\"line-height\":\"\"}' ><h2 style=\"--font-weight:theme;color:#be7e50;\">BAR &amp; PROVEEDUR\u00cdA<\/h2><\/div><div class=\"uvc-sub-heading ult-responsive\"  data-ultimate-target='.uvc-heading.ultimate-heading-615869fb336d173b7 .uvc-sub-heading '  data-responsive-json-new='{\"font-size\":\"desktop:16px;\",\"line-height\":\"\"}'  style=\"font-weight:normal;\">Tenemos un men\u00fa amplio y saludable.<\/div><\/div>[\/vc_column][vc_column width=\u00bb1\/3&#8243;]<style type=\"text\/css\" data-type=\"the7_shortcodes-inline-css\">.shortcode-single-image-wrap.shortcode-single-image-73b0bd3df2a991e9b02ba51611d403ce.enable-bg-rollover .rollover i,\n.shortcode-single-image-wrap.shortcode-single-image-73b0bd3df2a991e9b02ba51611d403ce.enable-bg-rollover .rollover-video i {\n  background: -webkit-linear-gradient();\n  background: linear-gradient();\n}\n.shortcode-single-image-wrap.shortcode-single-image-73b0bd3df2a991e9b02ba51611d403ce .rollover-icon {\n  font-size: 50px;\n  color: #ffffff;\n  min-width: 44px;\n  min-height: 44px;\n  line-height: 44px;\n  border-radius: 100px;\n  border-style: solid;\n  border-width: 0px;\n}\n.dt-icon-bg-on.shortcode-single-image-wrap.shortcode-single-image-73b0bd3df2a991e9b02ba51611d403ce .rollover-icon {\n  background: rgba(255,255,255,0.3);\n  box-shadow: none;\n}\n<\/style><div class=\"shortcode-single-image-wrap shortcode-single-image-73b0bd3df2a991e9b02ba51611d403ce alignnone  enable-bg-rollover dt-icon-bg-off scale-img\" style=\"margin-top:0px; margin-bottom:0px; margin-left:0px; margin-right:0px;\"><div class=\"shortcode-single-image\"><div class=\"fancy-media-wrap\" style=\"\"><a href=\"https:\/\/www.campinglaselvanegra.ar\/nueva\/el-camping\/\" class=\" layzr-bg rollover\" style=\"\" aria-label=\"Image\"><img loading=\"lazy\" decoding=\"async\" class=\"preload-me lazy-load\" src=\"data:image\/svg+xml,%3Csvg%20xmlns%3D&#39;http%3A%2F%2Fwww.w3.org%2F2000%2Fsvg&#39;%20viewBox%3D&#39;0%200%20482%20419&#39;%2F%3E\" data-src=\"https:\/\/campingselvanegra.ar\/wp-content\/uploads\/2023\/01\/dest_camping.jpg\" data-srcset=\"https:\/\/campingselvanegra.ar\/wp-content\/uploads\/2023\/01\/dest_camping.jpg 482w\" width=\"482\" height=\"419\"  data-dt-location=\"https:\/\/campingselvanegra.ar\/?attachment_id=65\" alt=\"\" \/><span class=\"rollover-icon icomoon-the7-font-the7-plus-04\"><\/span><\/a><\/div><\/div><\/div><div class=\"ult-spacer spacer-69fb336d201fe\" data-id=\"69fb336d201fe\" data-height=\"30\" data-height-mobile=\"30\" data-height-tab=\"30\" data-height-tab-portrait=\"\" data-height-mobile-landscape=\"\" style=\"clear:both;display:block;\"><\/div><div id=\"ultimate-heading-146669fb336d2028d\" class=\"uvc-heading ult-adjust-bottom-margin ultimate-heading-146669fb336d2028d uvc-4282 \" data-hspacer=\"no_spacer\"  data-halign=\"center\" style=\"text-align:center\"><div class=\"uvc-heading-spacer no_spacer\" style=\"top\"><\/div><div class=\"uvc-main-heading ult-responsive\"  data-ultimate-target='.uvc-heading.ultimate-heading-146669fb336d2028d h2'  data-responsive-json-new='{\"font-size\":\"desktop:20px;\",\"line-height\":\"\"}' ><h2 style=\"--font-weight:theme;color:#be7e50;\">UN AMBIENTE FAMILIAR<\/h2><\/div><div class=\"uvc-sub-heading ult-responsive\"  data-ultimate-target='.uvc-heading.ultimate-heading-146669fb336d2028d .uvc-sub-heading '  data-responsive-json-new='{\"font-size\":\"desktop:16px;\",\"line-height\":\"\"}'  style=\"font-weight:normal;\">Con vistas al lago y un bosque de cipreses y pinos.<\/div><\/div>[\/vc_column][\/vc_row][vc_row type=\u00bbvc_default\u00bb css=\u00bb.vc_custom_1674238954763{margin-top: 40px !important;}\u00bb][vc_column]<div id=\"ultimate-heading-410369fb336d20304\" class=\"uvc-heading ult-adjust-bottom-margin ultimate-heading-410369fb336d20304 uvc-4375  uvc-heading-default-font-sizes\" data-hspacer=\"line_only\"  data-halign=\"center\" style=\"text-align:center\"><div class=\"uvc-main-heading ult-responsive\"  data-ultimate-target='.uvc-heading.ultimate-heading-410369fb336d20304 h2'  data-responsive-json-new='{\"font-size\":\"\",\"line-height\":\"\"}' ><h2 style=\"--font-weight:theme;color:#63634d;\">\u00bfQu\u00e9 dicen nuestros visitantes?<\/h2><\/div><div class=\"uvc-heading-spacer line_only\" style=\"margin-top:20px;height:3px;\"><span class=\"uvc-headings-line\" style=\"border-style:solid;border-bottom-width:3px;border-color:#be7e50;width:50px;\"><\/span><\/div><\/div><div class=\"ult-spacer spacer-69fb336d20335\" data-id=\"69fb336d20335\" data-height=\"40\" data-height-mobile=\"40\" data-height-tab=\"40\" data-height-tab-portrait=\"\" data-height-mobile-landscape=\"\" style=\"clear:both;display:block;\"><\/div>[vc_column_text]<div class=\"ti-widget ti-goog\" data-layout-id=\"5\" data-set-id=\"ligth-border\" data-pid=\"\" data-pager-autoplay-timeout=\"6\" data-review-target-width=\"275\" data-language=\"es\" > <div class=\"ti-widget-container ti-col-4\"> <div class=\"ti-footer source-Google\"> <div class=\"ti-rating-text\"> <strong class=\"ti-rating\"> Bueno <\/strong> <\/div> <span class=\"ti-stars star-lg\"> <span class=\"ti-star f\"><\/span><span class=\"ti-star f\"><\/span><span class=\"ti-star f\"><\/span><span class=\"ti-star f\"><\/span><span class=\"ti-star e\"><\/span> <\/span> <div class=\"ti-rating-text\"> <span class=\"nowrap\">A base de <strong>501 rese\u00f1as<\/strong><\/span> <\/div> <div class=\"ti-large-logo\"> <div class=\"ti-v-center\"> <img loading=\"lazy\" decoding=\"async\" class=\"ti-logo-fb\" src=\"https:\/\/cdn.trustindex.io\/assets\/platform\/Google\/logo.svg\" width=\"150\" height=\"25\" alt=\"Google\" \/> <\/div> <\/div> <\/div> <div class=\"ti-reviews-container\"> <div class=\"ti-controls\"> <div class=\"ti-next\"><\/div> <div class=\"ti-prev\"><\/div> <\/div> <div class=\"ti-reviews-container-wrapper\">  <div data-empty=\"0\" class=\"ti-review-item source-Google\" > <div class=\"ti-inner\"> <div class=\"ti-review-header\"> <div class=\"ti-profile-img\"> <img decoding=\"async\" src=\"https:\/\/lh3.googleusercontent.com\/a-\/AD5-WCmBr-2Liw3vzSL9M8ZwSGC4B79LuZc7h0k6NCPIbA=s120-c-c-rp-w64-h64-mo-br100\" alt=\"Mariel Bauducco\" \/> <\/div> <div class=\"ti-profile-details\"> <div class=\"ti-name\"> Mariel Bauducco <\/div> <div class=\"ti-date\">20. Enero, 2023.<\/div> <\/div> <\/div> <span class=\"ti-stars\"><span class=\"ti-star f\"><\/span><span class=\"ti-star f\"><\/span><span class=\"ti-star f\"><\/span><span class=\"ti-star f\"><\/span><span class=\"ti-star f\"><\/span><\/span> <div class=\"ti-review-text-container ti-review-content\"><!-- R-CONTENT -->Hermoso camping, rodeado por un gran bosque, donde se puede disfrutar de la naturaleza a pleno...ideal para recargar energ\u00eda.  De facil acceso. Los ba\u00f1os con agua caliente muy limpios y prolijos.<!-- R-CONTENT --><\/div> <span class=\"ti-read-more\" data-container=\".ti-review-content\" data-collapse-text=\"Ocultar\" data-open-text=\"Leer m\u00e1s\"><\/span> <\/div> <\/div>  <div data-empty=\"0\" class=\"ti-review-item source-Google\" > <div class=\"ti-inner\"> <div class=\"ti-review-header\"> <div class=\"ti-profile-img\"> <img decoding=\"async\" src=\"https:\/\/lh3.googleusercontent.com\/a-\/AD5-WCk1L96hLDEEBXKgaX0oQsOQ4kRHXQRhy-gMas-U_aI=s120-c-c-rp-w64-h64-mo-ba4-br100\" alt=\"kumar gaurav\" \/> <\/div> <div class=\"ti-profile-details\"> <div class=\"ti-name\"> kumar gaurav <\/div> <div class=\"ti-date\">18. Enero, 2023.<\/div> <\/div> <\/div> <span class=\"ti-stars\"><span class=\"ti-star f\"><\/span><span class=\"ti-star f\"><\/span><span class=\"ti-star f\"><\/span><span class=\"ti-star f\"><\/span><span class=\"ti-star f\"><\/span><\/span> <div class=\"ti-review-text-container ti-review-content\"><!-- R-CONTENT -->Best camping in bariloche. Amazing kitchen. Hot water all the time. Very rustic and vintage feel. Love the hosts. They are doing an amazing job. Very fairly priced food as well after a long day's trek.<!-- R-CONTENT --><\/div> <span class=\"ti-read-more\" data-container=\".ti-review-content\" data-collapse-text=\"Ocultar\" data-open-text=\"Leer m\u00e1s\"><\/span> <\/div> <\/div>  <div data-empty=\"0\" class=\"ti-review-item source-Google\" > <div class=\"ti-inner\"> <div class=\"ti-review-header\"> <div class=\"ti-profile-img\"> <img decoding=\"async\" src=\"https:\/\/lh3.googleusercontent.com\/a-\/AD5-WClK93IWZt1DebQzZR3LwLlh1C9iC2LiuNHzrCNkmHE=s120-c-c-rp-w64-h64-mo-ba4-br100\" alt=\"Gonzalo Arranz\" \/> <\/div> <div class=\"ti-profile-details\"> <div class=\"ti-name\"> Gonzalo Arranz <\/div> <div class=\"ti-date\">17. Enero, 2023.<\/div> <\/div> <\/div> <span class=\"ti-stars\"><span class=\"ti-star f\"><\/span><span class=\"ti-star f\"><\/span><span class=\"ti-star f\"><\/span><span class=\"ti-star f\"><\/span><span class=\"ti-star f\"><\/span><\/span> <div class=\"ti-review-text-container ti-review-content\"><!-- R-CONTENT -->Hermoso camping. Zona familiar, zona mochileros, zona casillas. Muy amables en la atenci\u00f3n. Ba\u00f1os limpios y agua caliente. Anafe comunitarios para cocinar\/calentar. Quinchos de uso com\u00fan. Estuve en 2007 y ahora nuevamente.<!-- R-CONTENT --><\/div> <span class=\"ti-read-more\" data-container=\".ti-review-content\" data-collapse-text=\"Ocultar\" data-open-text=\"Leer m\u00e1s\"><\/span> <\/div> <\/div>  <div data-empty=\"0\" class=\"ti-review-item source-Google\" > <div class=\"ti-inner\"> <div class=\"ti-review-header\"> <div class=\"ti-profile-img\"> <img decoding=\"async\" src=\"https:\/\/lh3.googleusercontent.com\/a-\/AD5-WCnf9AgHpzM7TJJ1JRs9DZvchRHbyDEMuCqVlzHtDAQ=s120-c-c-rp-w64-h64-mo-ba5-br100\" alt=\"\u05d1\u05d5\u05e2\u05d6 \u05de\u05d9\u05e0\u05e5\" \/> <\/div> <div class=\"ti-profile-details\"> <div class=\"ti-name\"> \u05d1\u05d5\u05e2\u05d6 \u05de\u05d9\u05e0\u05e5 <\/div> <div class=\"ti-date\">17. Enero, 2023.<\/div> <\/div> <\/div> <span class=\"ti-stars\"><span class=\"ti-star f\"><\/span><span class=\"ti-star f\"><\/span><span class=\"ti-star f\"><\/span><span class=\"ti-star f\"><\/span><span class=\"ti-star f\"><\/span><\/span> <div class=\"ti-review-text-container ti-review-content\"><!-- R-CONTENT -->\u05e7\u05de\u05e4\u05d9\u05e0\u05d2 \u05e0\u05d4\u05d3\u05e8, \u05d4\u05d1\u05e2\u05dc\u05d9\u05dd \u05de\u05d0\u05d5\u05d3 \u05e0\u05d7\u05de\u05d3\u05d9\u05dd \u05d5\u05e2\u05d5\u05d6\u05e8\u05d9\u05dd. \u05d9\u05e9 \u05de\u05e7\u05dc\u05d7\u05ea \u05e2\u05dd \u05de\u05d9\u05dd \u05d7\u05de\u05d9\u05dd, \u05e9\u05d9\u05e8\u05d5\u05ea\u05d9\u05dd \u05e0\u05e7\u05d9\u05d9\u05dd, \u05de\u05d8\u05d1\u05d7\u05d5\u05df \u05d7\u05de\u05d5\u05d3, \u05d4\u05e8\u05d1\u05d4 \u05e4\u05d9\u05e0\u05d5\u05ea \u05dc\u05e9\u05d9\u05dd \u05d0\u05ea \u05d4\u05d0\u05d5\u05d4\u05dc. \u05de\u05de\u05e9 \u05e4\u05e0\u05d9\u05e0\u05d4, \u05de\u05de\u05dc\u05d9\u05e5 \u05e2\u05dc\u05d9\u05d4\u05dd \u05d5\u05d1\u05d2\u05d3\u05d5\u05dc<!-- R-CONTENT --><\/div> <span class=\"ti-read-more\" data-container=\".ti-review-content\" data-collapse-text=\"Ocultar\" data-open-text=\"Leer m\u00e1s\"><\/span> <\/div> <\/div>  <div data-empty=\"0\" class=\"ti-review-item source-Google\" > <div class=\"ti-inner\"> <div class=\"ti-review-header\"> <div class=\"ti-profile-img\"> <img decoding=\"async\" src=\"https:\/\/lh3.googleusercontent.com\/a-\/AD5-WCkcxwKdWmfM0PHyeMccTEQ6RRPE_R-OYF_r_TVkug=s120-c-c-rp-w64-h64-mo-br100\" alt=\"Julia Aylen Casavelos Garc\u00eda\" \/> <\/div> <div class=\"ti-profile-details\"> <div class=\"ti-name\"> Julia Aylen Casavelos Garc\u00eda <\/div> <div class=\"ti-date\">17. Enero, 2023.<\/div> <\/div> <\/div> <span class=\"ti-stars\"><span class=\"ti-star f\"><\/span><span class=\"ti-star f\"><\/span><span class=\"ti-star f\"><\/span><span class=\"ti-star f\"><\/span><span class=\"ti-star f\"><\/span><\/span> <div class=\"ti-review-text-container ti-review-content\"><!-- R-CONTENT -->Un camping hermoso, duchas calentitas y cocina compartida y lugarcito para hacer fueguitos, vistas muy bellas y cerca de todos los colectivos \u2764\ufe0f<!-- R-CONTENT --><\/div> <span class=\"ti-read-more\" data-container=\".ti-review-content\" data-collapse-text=\"Ocultar\" data-open-text=\"Leer m\u00e1s\"><\/span> <\/div> <\/div>  <div data-empty=\"0\" class=\"ti-review-item source-Google\" > <div class=\"ti-inner\"> <div class=\"ti-review-header\"> <div class=\"ti-profile-img\"> <img decoding=\"async\" src=\"https:\/\/lh3.googleusercontent.com\/a-\/AD5-WClGOOzm-PgDlmH9QEmJwas1l081GSnE7EtFHllkNg=s120-c-c-rp-w64-h64-mo-br100\" alt=\"Mica Pujadas\" \/> <\/div> <div class=\"ti-profile-details\"> <div class=\"ti-name\"> Mica Pujadas <\/div> <div class=\"ti-date\">16. Enero, 2023.<\/div> <\/div> <\/div> <span class=\"ti-stars\"><span class=\"ti-star f\"><\/span><span class=\"ti-star f\"><\/span><span class=\"ti-star f\"><\/span><span class=\"ti-star f\"><\/span><span class=\"ti-star f\"><\/span><\/span> <div class=\"ti-review-text-container ti-review-content\"><!-- R-CONTENT -->Excelente camping. Tiene parcelas separadas, con toma corrientes, luz, mesa, bancos, parrilla e incluso algunas con fiambreras y zona techada. Hay varias piletas por el predio y al lado de los ba\u00f1os hay dos con agua caliente, buen\u00edsimo para lavar. Agua caliente 24h en las duchas, espejos, ba\u00f1os limpios con lugares donde apoyar las cosas. Los chicos de seguridad siempre est\u00e1n disponibles ante cualquier eventualidad y es muy seguro. Tiene una proveeduria y un bar donde ofrecen desayunos y comidas.\nEs cerca del centro, para ingresar hay que subir por una calle bastante empinada por lo que algunos veh\u00edculos tal vez no lleguen. En enero estuvo lleno muchos d\u00edas as\u00ed que conviene ir sobre el mediod\u00eda y de ultima dejar paga la parcela.<!-- R-CONTENT --><\/div> <span class=\"ti-read-more\" data-container=\".ti-review-content\" data-collapse-text=\"Ocultar\" data-open-text=\"Leer m\u00e1s\"><\/span> <\/div> <\/div>  <div data-empty=\"0\" class=\"ti-review-item source-Google\" > <div class=\"ti-inner\"> <div class=\"ti-review-header\"> <div class=\"ti-profile-img\"> <img decoding=\"async\" src=\"https:\/\/lh3.googleusercontent.com\/a-\/AD5-WClD5L3m1wNj_iVshCU8Qm2F7y_xHX3xA6Im_CvyNw=s120-c-c-rp-w64-h64-mo-br100\" alt=\"Adriana Martinez Encina\" \/> <\/div> <div class=\"ti-profile-details\"> <div class=\"ti-name\"> Adriana Martinez Encina <\/div> <div class=\"ti-date\">16. Enero, 2023.<\/div> <\/div> <\/div> <span class=\"ti-stars\"><span class=\"ti-star f\"><\/span><span class=\"ti-star f\"><\/span><span class=\"ti-star f\"><\/span><span class=\"ti-star f\"><\/span><span class=\"ti-star f\"><\/span><\/span> <div class=\"ti-review-text-container ti-review-content\"><!-- R-CONTENT -->Hermoso por donde lo mires, tranquilo. Atendido por gente muy amable, atenta respetuosa y s\u00faper organizada. Instalaciones limpias y c\u00f3modas (agua caliente 24 hs, cocina de uso compartido, proveedur\u00eda). Buenos precios. S\u00faper recomendable.<!-- R-CONTENT --><\/div> <span class=\"ti-read-more\" data-container=\".ti-review-content\" data-collapse-text=\"Ocultar\" data-open-text=\"Leer m\u00e1s\"><\/span> <\/div> <\/div>  <div data-empty=\"0\" class=\"ti-review-item source-Google\" > <div class=\"ti-inner\"> <div class=\"ti-review-header\"> <div class=\"ti-profile-img\"> <img decoding=\"async\" src=\"https:\/\/lh3.googleusercontent.com\/a-\/AD5-WCm6SixGX6h5B5JZCCLVDvdmFTKIEM7J8H-Vac6msg=s120-c-c-rp-w64-h64-mo-br100\" alt=\"Leo Steinbach\" \/> <\/div> <div class=\"ti-profile-details\"> <div class=\"ti-name\"> Leo Steinbach <\/div> <div class=\"ti-date\">16. Enero, 2023.<\/div> <\/div> <\/div> <span class=\"ti-stars\"><span class=\"ti-star f\"><\/span><span class=\"ti-star f\"><\/span><span class=\"ti-star f\"><\/span><span class=\"ti-star f\"><\/span><span class=\"ti-star f\"><\/span><\/span> <div class=\"ti-review-text-container ti-review-content\"><!-- R-CONTENT -->Muy bueno todo \ud83d\udc4d<!-- R-CONTENT --><\/div> <span class=\"ti-read-more\" data-container=\".ti-review-content\" data-collapse-text=\"Ocultar\" data-open-text=\"Leer m\u00e1s\"><\/span> <\/div> <\/div>  <\/div> <div class=\"ti-controls-line\"> <div class=\"dot\"><\/div> <\/div>  <\/div> <\/div> <\/div>[\/vc_column_text][\/vc_column][\/vc_row][vc_row type=\u00bbvc_default\u00bb css=\u00bb.vc_custom_1674238915949{margin-top: 40px !important;}\u00bb][vc_column css=\u00bb.vc_custom_1674236819107{padding: 0px !important;}\u00bb][vc_single_image image=\u00bb51&#8243; img_size=\u00bbfull\u00bb alignment=\u00bbcenter\u00bb el_class=\u00bblogo-pie\u00bb][\/vc_column][\/vc_row]<\/p>\n","protected":false},"excerpt":{"rendered":"<p>[vc_row type=\u00bbvc_default\u00bb full_width=\u00bbstretch_row_content_no_spaces\u00bb][vc_column][layerslider_vc id=\u00bb1&#8243;][\/vc_column][\/vc_row][vc_row type=\u00bbvc_default\u00bb css=\u00bb.vc_custom_1674242175895{margin-top: 50px !important;}\u00bb][vc_column width=\u00bb1\/6&#8243;][\/vc_column][vc_column width=\u00bb2\/3&#8243;][\/vc_column][vc_column width=\u00bb1\/6&#8243;][\/vc_column][\/vc_row][vc_row type=\u00bbvc_default\u00bb gap=\u00bb30&#8243; equal_height=\u00bbyes\u00bb css=\u00bb.vc_custom_1674240986557{margin-top: 60px !important;}\u00bb][vc_column width=\u00bb1\/3&#8243;][\/vc_column][vc_column width=\u00bb1\/3&#8243;][\/vc_column][vc_column width=\u00bb1\/3&#8243;][\/vc_column][\/vc_row][vc_row type=\u00bbvc_default\u00bb css=\u00bb.vc_custom_1674238954763{margin-top: 40px !important;}\u00bb][vc_column][vc_column_text][\/vc_column_text][\/vc_column][\/vc_row][vc_row type=\u00bbvc_default\u00bb css=\u00bb.vc_custom_1674238915949{margin-top: 40px !important;}\u00bb][vc_column css=\u00bb.vc_custom_1674236819107{padding: 0px !important;}\u00bb][vc_single_image image=\u00bb51&#8243; img_size=\u00bbfull\u00bb alignment=\u00bbcenter\u00bb el_class=\u00bblogo-pie\u00bb][\/vc_column][\/vc_row]<\/p>\n","protected":false},"author":1,"featured_media":0,"parent":0,"menu_order":0,"comment_status":"closed","ping_status":"closed","template":"","meta":{"_joinchat":[],"footnotes":""},"class_list":["post-169","page","type-page","status-publish","hentry","description-off"],"lang":"de","translations":{"de":169,"es":7,"en":168},"pll_sync_post":[],"_links":{"self":[{"href":"https:\/\/campingselvanegra.ar\/index.php?rest_route=\/wp\/v2\/pages\/169","targetHints":{"allow":["GET"]}}],"collection":[{"href":"https:\/\/campingselvanegra.ar\/index.php?rest_route=\/wp\/v2\/pages"}],"about":[{"href":"https:\/\/campingselvanegra.ar\/index.php?rest_route=\/wp\/v2\/types\/page"}],"author":[{"embeddable":true,"href":"https:\/\/campingselvanegra.ar\/index.php?rest_route=\/wp\/v2\/users\/1"}],"replies":[{"embeddable":true,"href":"https:\/\/campingselvanegra.ar\/index.php?rest_route=%2Fwp%2Fv2%2Fcomments&post=169"}],"version-history":[{"count":1,"href":"https:\/\/campingselvanegra.ar\/index.php?rest_route=\/wp\/v2\/pages\/169\/revisions"}],"predecessor-version":[{"id":178,"href":"https:\/\/campingselvanegra.ar\/index.php?rest_route=\/wp\/v2\/pages\/169\/revisions\/178"}],"wp:attachment":[{"href":"https:\/\/campingselvanegra.ar\/index.php?rest_route=%2Fwp%2Fv2%2Fmedia&parent=169"}],"curies":[{"name":"wp","href":"https:\/\/api.w.org\/{rel}","templated":true}]}}